{"id":7362,"date":"2023-12-07T13:55:21","date_gmt":"2023-12-07T12:55:21","guid":{"rendered":"https:\/\/www.coutellerie-neron.com\/?page_id=7362"},"modified":"2023-12-07T13:55:21","modified_gmt":"2023-12-07T12:55:21","slug":"privacy-policy","status":"publish","type":"page","link":"https:\/\/www.coutellerie-neron.com\/en\/privacy-policy\/","title":{"rendered":"Privacy Policy"},"content":{"rendered":"<div class=\"wpb-content-wrapper\"><p>[vc_row][vc_column width=&#8221;1\/6&#8243;][\/vc_column][vc_column width=&#8221;2\/3&#8243;][vc_column_text el_class=&#8221;chapo&#8221;]<\/p>\n<p class=\"Normal-justifi\" style=\"text-align: center;\">The site you are visiting uses tracers called &#8220;cookies&#8221; (which in this version are not delicious cakes). The site is thus likely to access information already stored in your equipment (smartphone, computer &#8230;) and to enter new information.<\/p>\n<p>[\/vc_column_text][\/vc_column][vc_column width=&#8221;1\/6&#8243;][\/vc_column][\/vc_row][vc_row][vc_column width=&#8221;1\/2&#8243;][vc_column_text el_class=&#8221;style contour solide&#8221;]<\/p>\n<h3>Clarification of Article 30 of the GDPR<\/h3>\n<blockquote>\n<p style=\"text-align: justify;\">Natural persons may be associated [&#8230;] with online identifiers such as IP addresses and cookies or other identifiers [&#8230;]. These identifiers can leave traces that, especially when combined with unique identifiers and other information received by servers, can be used to create profiles of individuals and identify them.<\/p>\n<\/blockquote>\n<p style=\"text-align: justify;\">This information reinforces Article 26, which states that any information that can be used to directly or indirectly identify an individual is considered <strong>personal data<\/strong>.<\/p>\n<p>[\/vc_column_text][vc_column_text]<\/p>\n<p style=\"text-align: justify;\">The GDPR (General Data Protection Regulation), also referred to by its French acronym RGPD (R\u00e8glement g\u00e9n\u00e9ral de protection des donn\u00e9es) is the new reference text for data protection at the European level. The regulation was published in May 2016, after many years of development.<\/p>\n<p>[\/vc_column_text][vc_column_text css=&#8221;.vc_custom_1642089835651{background-color: #ffffff !important;}&#8221;]<\/p>\n<p style=\"text-align: justify;\">To learn more about cookies and trackers, we invite you to visit the CNIL website: <a href=\"http:\/\/www.cnil.fr\" target=\"_blank\" rel=\"noopener\">http:\/\/www.cnil.fr<\/a>.<\/p>\n<p>[\/vc_column_text][\/vc_column][vc_column width=&#8221;1\/2&#8243; el_class=&#8221;style bloc clair&#8221;][vc_column_text]<\/p>\n<h2>The cookies used by this site fall into two categories<\/h2>\n<h3>Tracers exempt from prior consent<\/h3>\n<p style=\"text-align: justify;\">We use these cookies to facilitate your navigation on this site, in particular by memorizing your navigation preferences defined during your session and by providing you with the requested services (for example, to avoid you having to re-enter information unnecessarily or to oblige you to reconnect every 5 minutes). This information is not used other than on your terminal to facilitate your visit to this site.<\/p>\n<p style=\"text-align: justify;\">These trackers cannot be disabled from the site without degrading your visit. You can, however, object to the use of these trackers, by setting your browser.<\/p>\n<h3>Trackers subject to your prior consent<\/h3>\n<p class=\"Normal-justifi\" style=\"text-align: justify;\">This site uses trackers under our control that do not collect any personal data and others placed under the control of third parties such as Google, which are subject to your prior consent.<\/p>\n<h4>Trackers under the control of third parties<\/h4>\n<p style=\"text-align: justify;\">These trackers are used to establish statistics with Google Analytics, or other services such as Youtube, Facebook on pages that offer video or sharing features.<\/p>\n<p style=\"text-align: justify;\">Concretely Google analyzes your behavior but can make cross-references and propose files marketing purpose for example. It does not know who you are if you are not logged into a Google account but what you visit or revisit.<\/p>\n<p>[\/vc_column_text][vc_column_text el_class=&#8221;style clair&#8221; css=&#8221;.vc_custom_1528363771983{background-color: #ffffff !important;}&#8221;]The table below lists the trackers under the control of third parties that are subject to your prior consent.<\/p>\n<table style=\"border-collapse: collapse; width: 100%; text-align: center;\" border=\"1\">\n<tbody>\n<tr>\n<td style=\"padding: 10px;\">Google Analytics (gtag.js)<\/td>\n<\/tr>\n<tr>\n<td style=\"padding: 10px;\">Statistics (what you do on the site)<\/td>\n<\/tr>\n<tr>\n<td style=\"padding: 10px;\">Deposit of cookies and &#8220;google&#8221; trackers.<\/td>\n<\/tr>\n<\/tbody>\n<\/table>\n<p>You can oppose the use of these tracers <span id=\"u18638-82\">by using the functions offered by the site (cookie banner and function that details the cookies used).<\/span>[\/vc_column_text][\/vc_column][\/vc_row][vc_row][vc_column][vc_column_text]<\/p>\n<p>Translated with www.DeepL.com\/Translator (free version)[\/vc_column_text][\/vc_column][\/vc_row]<\/p>\n<\/div>","protected":false},"excerpt":{"rendered":"<p>[vc_row][vc_column width=&#8221;1\/6&#8243;][\/vc_column][vc_column width=&#8221;2\/3&#8243;][vc_column_text el_class=&#8221;chapo&#8221;] The site you are visiting uses tracers called &#8220;cookies&#8221; (which in this version are not delicious cakes). The site is thus likely to access information already stored in your equipment (smartphone, computer &#8230;) and to enter new information. [\/vc_column_text][\/vc_column][vc_column width=&#8221;1\/6&#8243;][\/vc_column][\/vc_row][vc_row][vc_column width=&#8221;1\/2&#8243;][vc_column_text el_class=&#8221;style contour solide&#8221;] Clarification of Article 30 of the GDPR [&hellip;]<\/p>\n","protected":false},"author":1,"featured_media":0,"parent":0,"menu_order":0,"comment_status":"closed","ping_status":"closed","template":"","meta":{"footnotes":""},"product_gamme":[],"acf":[],"yoast_head":"<!-- This site is optimized with the Yoast SEO plugin v21.7 - https:\/\/yoast.com\/wordpress\/plugins\/seo\/ -->\n<title>Privacy Policy<\/title>\n<meta name=\"robots\" content=\"index, follow, max-snippet:-1, max-image-preview:large, max-video-preview:-1\" \/>\n<link rel=\"canonical\" href=\"https:\/\/www.coutellerie-neron.com\/en\/privacy-policy\/\" \/>\n<meta property=\"og:locale\" content=\"en_US\" \/>\n<meta property=\"og:type\" content=\"article\" \/>\n<meta property=\"og:title\" content=\"Privacy Policy\" \/>\n<meta property=\"og:description\" content=\"[vc_row][vc_column width=&#8221;1\/6&#8243;][\/vc_column][vc_column width=&#8221;2\/3&#8243;][vc_column_text el_class=&#8221;chapo&#8221;] The site you are visiting uses tracers called &#8220;cookies&#8221; (which in this version are not delicious cakes). The site is thus likely to access information already stored in your equipment (smartphone, computer &#8230;) and to enter new information. [\/vc_column_text][\/vc_column][vc_column width=&#8221;1\/6&#8243;][\/vc_column][\/vc_row][vc_row][vc_column width=&#8221;1\/2&#8243;][vc_column_text el_class=&#8221;style contour solide&#8221;] Clarification of Article 30 of the GDPR [&hellip;]\" \/>\n<meta property=\"og:url\" content=\"https:\/\/www.coutellerie-neron.com\/en\/privacy-policy\/\" \/>\n<meta property=\"og:site_name\" content=\"Coutellerie Jean N\u00e9ron\" \/>\n<meta property=\"og:image\" content=\"https:\/\/www.coutellerie-neron.com\/wp-content\/uploads\/2023\/01\/logo-coutellerie-jean-neron-noir.png\" \/>\n\t<meta property=\"og:image:width\" content=\"1000\" \/>\n\t<meta property=\"og:image:height\" content=\"470\" \/>\n\t<meta property=\"og:image:type\" content=\"image\/png\" \/>\n<meta name=\"twitter:card\" content=\"summary_large_image\" \/>\n<script type=\"application\/ld+json\" class=\"yoast-schema-graph\">{\"@context\":\"https:\/\/schema.org\",\"@graph\":[{\"@type\":\"WebPage\",\"@id\":\"https:\/\/www.coutellerie-neron.com\/en\/privacy-policy\/\",\"url\":\"https:\/\/www.coutellerie-neron.com\/en\/privacy-policy\/\",\"name\":\"Privacy Policy\",\"isPartOf\":{\"@id\":\"https:\/\/www.coutellerie-neron.com\/en\/#website\"},\"datePublished\":\"2023-12-07T12:55:21+00:00\",\"dateModified\":\"2023-12-07T12:55:21+00:00\",\"breadcrumb\":{\"@id\":\"https:\/\/www.coutellerie-neron.com\/en\/privacy-policy\/#breadcrumb\"},\"inLanguage\":\"en-US\",\"potentialAction\":[{\"@type\":\"ReadAction\",\"target\":[\"https:\/\/www.coutellerie-neron.com\/en\/privacy-policy\/\"]}]},{\"@type\":\"BreadcrumbList\",\"@id\":\"https:\/\/www.coutellerie-neron.com\/en\/privacy-policy\/#breadcrumb\",\"itemListElement\":[{\"@type\":\"ListItem\",\"position\":1,\"name\":\"Accueil\",\"item\":\"https:\/\/www.coutellerie-neron.com\/en\/\"},{\"@type\":\"ListItem\",\"position\":2,\"name\":\"Privacy Policy\"}]},{\"@type\":\"WebSite\",\"@id\":\"https:\/\/www.coutellerie-neron.com\/en\/#website\",\"url\":\"https:\/\/www.coutellerie-neron.com\/en\/\",\"name\":\"Coutellerie Jean N\u00e9ron\",\"description\":\"COUTEAUX DE TABLE ET DE CUISINE FABRIQU\u00c9S EN FRANCE\",\"publisher\":{\"@id\":\"https:\/\/www.coutellerie-neron.com\/en\/#organization\"},\"potentialAction\":[{\"@type\":\"SearchAction\",\"target\":{\"@type\":\"EntryPoint\",\"urlTemplate\":\"https:\/\/www.coutellerie-neron.com\/en\/?s={search_term_string}\"},\"query-input\":\"required name=search_term_string\"}],\"inLanguage\":\"en-US\"},{\"@type\":\"Organization\",\"@id\":\"https:\/\/www.coutellerie-neron.com\/en\/#organization\",\"name\":\"Coutellerie Jean N\u00e9ron\",\"url\":\"https:\/\/www.coutellerie-neron.com\/en\/\",\"logo\":{\"@type\":\"ImageObject\",\"inLanguage\":\"en-US\",\"@id\":\"https:\/\/www.coutellerie-neron.com\/en\/#\/schema\/logo\/image\/\",\"url\":\"https:\/\/www.coutellerie-neron.com\/wp-content\/uploads\/2023\/01\/logo-coutellerie-jean-neron-noir.png\",\"contentUrl\":\"https:\/\/www.coutellerie-neron.com\/wp-content\/uploads\/2023\/01\/logo-coutellerie-jean-neron-noir.png\",\"width\":1000,\"height\":470,\"caption\":\"Coutellerie Jean N\u00e9ron\"},\"image\":{\"@id\":\"https:\/\/www.coutellerie-neron.com\/en\/#\/schema\/logo\/image\/\"}}]}<\/script>\n<!-- \/ Yoast SEO plugin. -->","yoast_head_json":{"title":"Privacy Policy","robots":{"index":"index","follow":"follow","max-snippet":"max-snippet:-1","max-image-preview":"max-image-preview:large","max-video-preview":"max-video-preview:-1"},"canonical":"https:\/\/www.coutellerie-neron.com\/en\/privacy-policy\/","og_locale":"en_US","og_type":"article","og_title":"Privacy Policy","og_description":"[vc_row][vc_column width=&#8221;1\/6&#8243;][\/vc_column][vc_column width=&#8221;2\/3&#8243;][vc_column_text el_class=&#8221;chapo&#8221;] The site you are visiting uses tracers called &#8220;cookies&#8221; (which in this version are not delicious cakes). The site is thus likely to access information already stored in your equipment (smartphone, computer &#8230;) and to enter new information. [\/vc_column_text][\/vc_column][vc_column width=&#8221;1\/6&#8243;][\/vc_column][\/vc_row][vc_row][vc_column width=&#8221;1\/2&#8243;][vc_column_text el_class=&#8221;style contour solide&#8221;] Clarification of Article 30 of the GDPR [&hellip;]","og_url":"https:\/\/www.coutellerie-neron.com\/en\/privacy-policy\/","og_site_name":"Coutellerie Jean N\u00e9ron","og_image":[{"width":1000,"height":470,"url":"https:\/\/www.coutellerie-neron.com\/wp-content\/uploads\/2023\/01\/logo-coutellerie-jean-neron-noir.png","type":"image\/png"}],"twitter_card":"summary_large_image","schema":{"@context":"https:\/\/schema.org","@graph":[{"@type":"WebPage","@id":"https:\/\/www.coutellerie-neron.com\/en\/privacy-policy\/","url":"https:\/\/www.coutellerie-neron.com\/en\/privacy-policy\/","name":"Privacy Policy","isPartOf":{"@id":"https:\/\/www.coutellerie-neron.com\/en\/#website"},"datePublished":"2023-12-07T12:55:21+00:00","dateModified":"2023-12-07T12:55:21+00:00","breadcrumb":{"@id":"https:\/\/www.coutellerie-neron.com\/en\/privacy-policy\/#breadcrumb"},"inLanguage":"en-US","potentialAction":[{"@type":"ReadAction","target":["https:\/\/www.coutellerie-neron.com\/en\/privacy-policy\/"]}]},{"@type":"BreadcrumbList","@id":"https:\/\/www.coutellerie-neron.com\/en\/privacy-policy\/#breadcrumb","itemListElement":[{"@type":"ListItem","position":1,"name":"Accueil","item":"https:\/\/www.coutellerie-neron.com\/en\/"},{"@type":"ListItem","position":2,"name":"Privacy Policy"}]},{"@type":"WebSite","@id":"https:\/\/www.coutellerie-neron.com\/en\/#website","url":"https:\/\/www.coutellerie-neron.com\/en\/","name":"Coutellerie Jean N\u00e9ron","description":"COUTEAUX DE TABLE ET DE CUISINE FABRIQU\u00c9S EN FRANCE","publisher":{"@id":"https:\/\/www.coutellerie-neron.com\/en\/#organization"},"potentialAction":[{"@type":"SearchAction","target":{"@type":"EntryPoint","urlTemplate":"https:\/\/www.coutellerie-neron.com\/en\/?s={search_term_string}"},"query-input":"required name=search_term_string"}],"inLanguage":"en-US"},{"@type":"Organization","@id":"https:\/\/www.coutellerie-neron.com\/en\/#organization","name":"Coutellerie Jean N\u00e9ron","url":"https:\/\/www.coutellerie-neron.com\/en\/","logo":{"@type":"ImageObject","inLanguage":"en-US","@id":"https:\/\/www.coutellerie-neron.com\/en\/#\/schema\/logo\/image\/","url":"https:\/\/www.coutellerie-neron.com\/wp-content\/uploads\/2023\/01\/logo-coutellerie-jean-neron-noir.png","contentUrl":"https:\/\/www.coutellerie-neron.com\/wp-content\/uploads\/2023\/01\/logo-coutellerie-jean-neron-noir.png","width":1000,"height":470,"caption":"Coutellerie Jean N\u00e9ron"},"image":{"@id":"https:\/\/www.coutellerie-neron.com\/en\/#\/schema\/logo\/image\/"}}]}},"_links":{"self":[{"href":"https:\/\/www.coutellerie-neron.com\/en\/wp-json\/wp\/v2\/pages\/7362"}],"collection":[{"href":"https:\/\/www.coutellerie-neron.com\/en\/wp-json\/wp\/v2\/pages"}],"about":[{"href":"https:\/\/www.coutellerie-neron.com\/en\/wp-json\/wp\/v2\/types\/page"}],"author":[{"embeddable":true,"href":"https:\/\/www.coutellerie-neron.com\/en\/wp-json\/wp\/v2\/users\/1"}],"replies":[{"embeddable":true,"href":"https:\/\/www.coutellerie-neron.com\/en\/wp-json\/wp\/v2\/comments?post=7362"}],"version-history":[{"count":1,"href":"https:\/\/www.coutellerie-neron.com\/en\/wp-json\/wp\/v2\/pages\/7362\/revisions"}],"predecessor-version":[{"id":7363,"href":"https:\/\/www.coutellerie-neron.com\/en\/wp-json\/wp\/v2\/pages\/7362\/revisions\/7363"}],"wp:attachment":[{"href":"https:\/\/www.coutellerie-neron.com\/en\/wp-json\/wp\/v2\/media?parent=7362"}],"wp:term":[{"taxonomy":"product_gamme","embeddable":true,"href":"https:\/\/www.coutellerie-neron.com\/en\/wp-json\/wp\/v2\/product_gamme?post=7362"}],"curies":[{"name":"wp","href":"https:\/\/api.w.org\/{rel}","templated":true}]}}